{"id":6063,"date":"2025-07-24T13:50:05","date_gmt":"2025-07-24T05:50:05","guid":{"rendered":"https:\/\/kvhipot.com\/?post_type=product&#038;p=6063"},"modified":"2025-07-24T13:50:05","modified_gmt":"2025-07-24T05:50:05","slug":"may-kiem-tra-dien-ap-cao-ac-dc","status":"publish","type":"product","link":"https:\/\/kvhipot.com\/vi\/san-pham\/may-kiem-tra-dien-ap-cao-ac-dc\/","title":{"rendered":"M\u00e1y ki\u1ec3m tra \u0111i\u1ec7n \u00e1p cao AC DC"},"content":{"rendered":"<p><strong><b>M\u00e1y ki\u1ec3m tra Hipot AC DC di \u0111\u1ed9ng KVAD-252 <\/b><\/strong><\/p>\n<p>B\u1ed9 ki\u1ec3m tra \u0111i\u1ec7n m\u00f4i AC DC l\u00e0 m\u1ed9t th\u1eed nghi\u1ec7m kh\u00f4ng ph\u00e1 h\u1ee7y, l\u00e0 c\u00e1ch hi\u1ec7u qu\u1ea3 \u0111\u1ec3 x\u00e1c \u0111\u1ecbnh c\u01b0\u1eddng \u0111\u1ed9 c\u00e1ch \u0111i\u1ec7n cho thi\u1ebft b\u1ecb \u0111i\u1ec7n.<\/p>\n<p>&nbsp;<\/p>\n<p><strong><b>T\u00ednh n\u0103ng<\/b><\/strong><\/p>\n<ul>\n<li>S\u1ea3n ph\u1ea9m \u0111i\u1ec7n (\u0111\u1ed3 gia d\u1ee5ng, \u0111\u1ed3 d\u00f9ng nh\u00e0 b\u1ebfp, s\u1ea3n ph\u1ea9m \u0111i\u1ec7n t\u1eed, d\u00e2y \u0111i\u1ec7n \u00f4 t\u00f4, m\u00f4-\u0111un quang \u0111i\u1ec7n)<\/li>\n<li>Linh ki\u1ec7n \u0111i\u1ec7n t\u1eed (ki\u1ec3m tra \u0111i\u1ec7n \u00e1p ch\u1ecbu \u0111\u1ef1ng c\u1ee7a t\u1ee5 \u0111i\u1ec7n, b\u1ea3ng m\u1ea1ch PCB, r\u01a1 le, m\u00e1y bi\u1ebfn \u00e1p)<\/li>\n<li>V\u1eadt li\u1ec7u c\u00e1ch \u0111i\u1ec7n (s\u1ea3n ph\u1ea9m cao su, s\u1ea3n ph\u1ea9m epoxy, s\u1ea3n ph\u1ea9m nh\u1ef1a)<\/li>\n<li>D\u00e2y \u0111i\u1ec7n (\u0111\u1ea7u n\u1ed1i \u0111i\u1ec7n, d\u00e2y ngu\u1ed3n, c\u00e1p \u00e2m thanh v\u00e0 video)<\/li>\n<\/ul>\n<p>&nbsp;<\/p>\n<p><strong><b>Th\u00f4ng s\u1ed1 k\u1ef9 thu\u1eadt <\/b><\/strong><\/p>\n<p><strong><b>\u00a0<\/b><\/strong><\/p>\n<table>\n<tbody>\n<tr>\n<td rowspan=\"2\" width=\"240\">\u0110i\u1ec7n \u00e1p th\u1eed nghi\u1ec7m<\/td>\n<td width=\"349\">AC: 0-5kV \u00b1 (\u0111\u1ecdc 2% + to\u00e0n d\u1ea3i 0,2%)<\/td>\n<\/tr>\n<tr>\n<td width=\"349\">DC:0-6kV \u00b1(\u0111\u1ecdc 2% + to\u00e0n d\u1ea3i 0,2%)<\/td>\n<\/tr>\n<tr>\n<td rowspan=\"2\" width=\"240\">D\u00f2ng \u0111i\u1ec7n \u0111\u1ea7u ra<\/td>\n<td width=\"349\">AC:0-20mA \u00b1(\u0111\u1ecdc 2% + to\u00e0n d\u1ea3i 0,2%)<\/td>\n<\/tr>\n<tr>\n<td width=\"349\">AC:0-10mA \u00b1(\u0111\u1ecdc 2% + to\u00e0n d\u1ea3i 0,2%)<\/td>\n<\/tr>\n<tr>\n<td colspan=\"2\" width=\"589\"><strong><b>Ch\u1ee9c n\u0103ng ki\u1ec3m tra \u0111i\u1ec7n tr\u1edf c\u00e1ch \u0111i\u1ec7n <\/b><\/strong><\/td>\n<\/tr>\n<tr>\n<td width=\"240\">\u0110i\u1ec7n \u00e1p \u0111\u1ea7u ra<\/td>\n<td width=\"349\">0-1kV<\/td>\n<\/tr>\n<tr>\n<td width=\"240\">\u0110\u1ed9 ch\u00ednh x\u00e1c \u0111i\u1ec7n \u00e1p \u0111\u1ea7u ra<\/td>\n<td width=\"349\">\u00b1(\u0111\u1ecdc 2% + to\u00e0n d\u1ea3i 1%)<\/td>\n<\/tr>\n<tr>\n<td width=\"240\">Ph\u1ea1m vi ki\u1ec3m tra s\u1ee9c \u0111\u1ec1 kh\u00e1ng<\/td>\n<td width=\"349\">0,1M\u03a9- 50G\u03a9<\/td>\n<\/tr>\n<tr>\n<td width=\"240\">Tr\u01b0ng b\u00e0y<\/td>\n<td width=\"349\">M\u00e0n h\u00ecnh k\u1ef9 thu\u1eadt s\u1ed1<\/td>\n<\/tr>\n<tr>\n<td width=\"240\">\u0110\u01b0\u1eddng ki\u1ec3m so\u00e1t<\/td>\n<td width=\"349\">Ki\u1ec3m so\u00e1t vi x\u1eed l\u00fd<\/td>\n<\/tr>\n<tr>\n<td width=\"240\">Ngu\u1ed3n \u0111i\u1ec7n<\/td>\n<td width=\"349\">220V\u00b110% 50Hz\u00b12Hz<\/td>\n<\/tr>\n<\/tbody>\n<\/table>\n<p><strong><b>\u00a0<\/b><\/strong><\/p>","protected":false},"excerpt":{"rendered":"<p>B\u1ed9 ki\u1ec3m tra \u0111i\u1ec7n m\u00f4i AC l\u00e0 m\u1ed9t th\u1eed nghi\u1ec7m kh\u00f4ng ph\u00e1 h\u1ee7y, l\u00e0 c\u00e1ch hi\u1ec7u qu\u1ea3 \u0111\u1ec3 x\u00e1c \u0111\u1ecbnh c\u01b0\u1eddng \u0111\u1ed9 c\u00e1ch \u0111i\u1ec7n cho thi\u1ebft b\u1ecb \u0111i\u1ec7n.<\/p>","protected":false},"featured_media":5044,"template":"","meta":{"_seopress_robots_primary_cat":"","_seopress_titles_title":"","_seopress_titles_desc":"","_seopress_robots_index":""},"product_cat":[25],"product_tag":[],"_links":{"self":[{"href":"https:\/\/kvhipot.com\/vi\/wp-json\/wp\/v2\/product\/6063"}],"collection":[{"href":"https:\/\/kvhipot.com\/vi\/wp-json\/wp\/v2\/product"}],"about":[{"href":"https:\/\/kvhipot.com\/vi\/wp-json\/wp\/v2\/types\/product"}],"wp:featuredmedia":[{"embeddable":true,"href":"https:\/\/kvhipot.com\/vi\/wp-json\/wp\/v2\/media\/5044"}],"wp:attachment":[{"href":"https:\/\/kvhipot.com\/vi\/wp-json\/wp\/v2\/media?parent=6063"}],"wp:term":[{"taxonomy":"product_cat","embeddable":true,"href":"https:\/\/kvhipot.com\/vi\/wp-json\/wp\/v2\/product_cat?post=6063"},{"taxonomy":"product_tag","embeddable":true,"href":"https:\/\/kvhipot.com\/vi\/wp-json\/wp\/v2\/product_tag?post=6063"}],"curies":[{"name":"wp","href":"https:\/\/api.w.org\/{rel}","templated":true}]}}