{"id":6072,"date":"2025-07-24T16:52:24","date_gmt":"2025-07-24T08:52:24","guid":{"rendered":"https:\/\/kvhipot.com\/?post_type=product&#038;p=6072"},"modified":"2025-07-24T16:52:24","modified_gmt":"2025-07-24T08:52:24","slug":"surface-tension-tester","status":"publish","type":"product","link":"https:\/\/kvhipot.com\/it\/prodotto\/surface-tension-tester\/","title":{"rendered":"Tester di tensione superficiale KVZL"},"content":{"rendered":"<p><strong><b>Overviews<\/b><\/strong><\/p>\n<p>Le forze intermolecolari formano la tensione di interfaccia e la tensione superficiale dei liquidi. Il valore della tensione riflette le propriet\u00e0 fisiche e chimiche e la struttura del materiale, che \u00e8 uno dei pi\u00f9 importanti per l'ispezione della qualit\u00e0 del prodotto.<\/p>\n<p>Surface Tension Tester is used to test various liquid surface tension and interface tension based on the ring method that is simple and high accurate , which is widely applied on electric, petroleum, chemical,medicine, food and teaching filed.<\/p>\n<p>&nbsp;<\/p>\n<p><strong><b>Feature<\/b><\/strong><\/p>\n<ul>\n<li>Adopts unique and quick electromagnetic balance sensor for improving the measurement accuracy and linearity.<\/li>\n<li>Real-time indicates equivalent tension value and current weight .<\/li>\n<li>Only uses one point calibration to solve the problem of previous sensor that needs multi-points calibration. It is no need to use zero potentiometer and full range potentiometer.<\/li>\n<li>Integrated temperature detection circuit and auto temperature compensation of measurement result.<\/li>\n<li>240X128 lattice LCD screen. No marked button has the function of \u00a0screen protection.<\/li>\n<li>Built-in high speed thermal micro-printer to print out quickly . It has the function of off-line printer.<\/li>\n<li>Equips with RC232 interface , it can connect with computer to deal with measurement data .<\/li>\n<\/ul>\n<p>&nbsp;<\/p>\n<p><strong><b>Technical parameter <\/b><\/strong><\/p>\n<table>\n<tbody>\n<tr>\n<td width=\"241\">Measurement Range<\/td>\n<td width=\"468\">0-200mN\/m<\/td>\n<\/tr>\n<tr>\n<td width=\"241\">Accuracy<\/td>\n<td width=\"468\">0.1%\u00a0reading \u00b10.1\u00a0mN\/m<\/td>\n<\/tr>\n<tr>\n<td width=\"241\">Resolution<\/td>\n<td width=\"468\">0.1mN\/m<\/td>\n<\/tr>\n<tr>\n<td width=\"241\">Sensitivity<\/td>\n<td width=\"468\">0.1mN\/m<\/td>\n<\/tr>\n<tr>\n<td width=\"241\">Power Supply<\/td>\n<td width=\"468\">AC220V\u00b120% \u00a050HZ\u00b110%<\/td>\n<\/tr>\n<tr>\n<td width=\"241\">Max Power Dissipation<\/td>\n<td width=\"468\">\u00a020W<\/td>\n<\/tr>\n<tr>\n<td width=\"241\">Environment Temperature<\/td>\n<td width=\"468\">10\uff5e30\u2103<\/td>\n<\/tr>\n<tr>\n<td width=\"241\">Environment Humidity<\/td>\n<td width=\"468\">\u226485% RH<\/td>\n<\/tr>\n<tr>\n<td width=\"241\">Dimension<\/td>\n<td width=\"468\">200\u00d7300\u00d7330mm<\/td>\n<\/tr>\n<tr>\n<td width=\"241\">Weight<\/td>\n<td width=\"468\">6kg<\/td>\n<\/tr>\n<\/tbody>\n<\/table>","protected":false},"excerpt":{"rendered":"<p>Le forze intermolecolari formano la tensione di interfaccia e la tensione superficiale dei liquidi. Il valore della tensione riflette le propriet\u00e0 fisiche e chimiche e la struttura del materiale, che \u00e8 uno dei pi\u00f9 importanti per l'ispezione della qualit\u00e0 del prodotto.<\/p>","protected":false},"featured_media":952,"template":"","meta":{"_seopress_robots_primary_cat":"none","_seopress_titles_title":"","_seopress_titles_desc":"","_seopress_robots_index":""},"product_cat":[28],"product_tag":[],"_links":{"self":[{"href":"https:\/\/kvhipot.com\/it\/wp-json\/wp\/v2\/product\/6072"}],"collection":[{"href":"https:\/\/kvhipot.com\/it\/wp-json\/wp\/v2\/product"}],"about":[{"href":"https:\/\/kvhipot.com\/it\/wp-json\/wp\/v2\/types\/product"}],"wp:featuredmedia":[{"embeddable":true,"href":"https:\/\/kvhipot.com\/it\/wp-json\/wp\/v2\/media\/952"}],"wp:attachment":[{"href":"https:\/\/kvhipot.com\/it\/wp-json\/wp\/v2\/media?parent=6072"}],"wp:term":[{"taxonomy":"product_cat","embeddable":true,"href":"https:\/\/kvhipot.com\/it\/wp-json\/wp\/v2\/product_cat?post=6072"},{"taxonomy":"product_tag","embeddable":true,"href":"https:\/\/kvhipot.com\/it\/wp-json\/wp\/v2\/product_tag?post=6072"}],"curies":[{"name":"wp","href":"https:\/\/api.w.org\/{rel}","templated":true}]}}