{"id":3395,"date":"2023-11-17T14:21:44","date_gmt":"2023-11-17T06:21:44","guid":{"rendered":"https:\/\/kvhipot.com\/?post_type=product&#038;p=3395"},"modified":"2024-02-26T10:31:02","modified_gmt":"2024-02-26T02:31:02","slug":"testeur-automatique-de-facteur-de-dissipation-et-de-capacite","status":"publish","type":"product","link":"https:\/\/kvhipot.com\/fr\/produit\/testeur-automatique-de-facteur-de-dissipation-et-de-capacite\/","title":{"rendered":"Testeur automatique de facteur de dissipation et de capacit\u00e9"},"content":{"rendered":"<p><strong><b>KV-7500 Testeur automatique de facteur de dissipation et de capacit\u00e9<\/b><\/strong><\/p>\n<p><strong>Vue d'ensemble<\/strong><\/p>\n<p>Le testeur de capacit\u00e9 de transformateur et de Tan-Delta est un appareil avanc\u00e9, enti\u00e8rement automatique, pour la mesure sur site de la perte di\u00e9lectrique\/du facteur de dissipation (tg\u03b4) et de la capacit\u00e9 (Cx) dans l'\u00e9quipement \u00e9lectrique. Il est id\u00e9al pour l'utilisation avec les transformateurs, les douilles isolantes, les CT\/PT, les condensateurs, les MOA et les dispositifs similaires.<\/p>\n<p>&nbsp;<\/p>\n<p><strong><b>Fonctionnalit\u00e9 <\/b><\/strong><\/p>\n<ul>\n<li>Adopte la technologie de filtrage num\u00e9rique par transform\u00e9e de Fourier pour des mesures pr\u00e9cises de la capacit\u00e9 et de la perte di\u00e9lectrique, ce qui permet d'obtenir des r\u00e9sultats automatiques et pr\u00e9cis.<\/li>\n<li>La technologie de conversion de fr\u00e9quence de l'instrument \u00e9limine les interf\u00e9rences de fr\u00e9quence \u00e9lectrique de 50 Hz, ce qui garantit la fiabilit\u00e9 des donn\u00e9es dans les zones o\u00f9 les interf\u00e9rences \u00e9lectromagn\u00e9tiques sont importantes.<\/li>\n<li>L'\u00e9cran LCD enti\u00e8rement tactile est convivial, avec une interface graphique compl\u00e8te qui rend l'op\u00e9ration claire et simple, permettant aux op\u00e9rateurs de mesurer les processus par le toucher sans formation sp\u00e9cialis\u00e9e.<\/li>\n<li>Le stockage des donn\u00e9es est facilit\u00e9 par une puce calendaire et une vaste m\u00e9moire, permettant l'enregistrement imm\u00e9diat des r\u00e9sultats, la visualisation de l'historique et l'impression des temps actuels et des temps enregistr\u00e9s.<\/li>\n<li>Le fonctionnement de l'instrument et le processus de mesure sont contr\u00f4l\u00e9s par un microprocesseur, ce qui automatise la mesure des donn\u00e9es une fois que le mode correct est s\u00e9lectionn\u00e9.<\/li>\n<li>La conception int\u00e9gr\u00e9e comprend un condensateur standard et une alimentation haute tension, ce qui facilite les essais sur le terrain et r\u00e9duit le c\u00e2blage sur place.<\/li>\n<li>La haute pr\u00e9cision de l'instrument r\u00e9pond aux exigences de la mesure de la perte di\u00e9lectrique de l'huile, ne n\u00e9cessitant qu'un godet d'huile standard et une ligne de test.<\/li>\n<li>Il est dot\u00e9 d'un blindage basse tension pour le c\u00e2blage invers\u00e9, ce qui permet de mesurer la perte di\u00e9lectrique du c\u00e2blage invers\u00e9 de 110 kV sous la mise \u00e0 la terre du bus CVT de 220 kV sans d\u00e9connexion.<\/li>\n<li>Il peut effectuer des tests de r\u00e9sistance \u00e0 la tension alternative, utiles pour les tests d'endurance de la tension secondaire des TP et des TC et pour les syst\u00e8mes basse tension de 400V.<\/li>\n<li>L'instrument reconna\u00eet les fr\u00e9quences des alimentations haute tension externes de 40 Hz \u00e0 70 Hz, ce qui permet de r\u00e9aliser des essais de perte di\u00e9lectrique de grande capacit\u00e9 et de haute tension avec des alimentations \u00e0 fr\u00e9quence de puissance ou \u00e0 r\u00e9sonance en s\u00e9rie.<\/li>\n<li>Il dispose d'une fonction de test CVT, permettant des tests d'auto-excitation avec quatre r\u00e9glages de protection haute\/basse tension\/courant pour la s\u00e9curit\u00e9.<\/li>\n<li>Lors des essais de CVT, il mesure automatiquement la capacit\u00e9 et la perte di\u00e9lectrique de C1 et C2, ainsi que les valeurs totales de l'\u00e9quipement.<\/li>\n<li>Il comprend une imprimante thermique pour la g\u00e9n\u00e9ration imm\u00e9diate de rapports, un calendrier int\u00e9gr\u00e9 et une sortie USB pour plus de commodit\u00e9.<\/li>\n<li>La protection de la mise \u00e0 la terre emp\u00eache la sortie d'une haute tension lorsque la mise \u00e0 la terre est insuffisante ou absente, et la protection contre les surintensit\u00e9s prot\u00e8ge l'instrument contre les courts-circuits ou les pannes de l'\u00e9chantillon.<\/li>\n<li>Un dispositif de protection contre les chocs \u00e9lectriques coupe imm\u00e9diatement la haute tension en cas de contact avec l'op\u00e9rateur, ce qui garantit la s\u00e9curit\u00e9 du testeur.<\/li>\n<\/ul>\n<p>&nbsp;<\/p>\n<p><strong><b>Sp\u00e9cifications techniques :<\/b><\/strong><\/p>\n<p><strong><b>\u00a0<\/b><\/strong><\/p>\n<table>\n<tbody>\n<tr>\n<td rowspan=\"2\" width=\"171\">Pr\u00e9cision :<\/td>\n<td colspan=\"2\" width=\"169\">Cx :<\/td>\n<td width=\"440\">\u00b1\uff08read \u00d71%+1pF\uff09<\/td>\n<\/tr>\n<tr>\n<td colspan=\"2\" width=\"169\">tg\u03b4 :<\/td>\n<td width=\"440\">\u00b1\uff08read \u00d71%+0.00040\uff09<\/td>\n<\/tr>\n<tr>\n<td width=\"171\">Anti-interf\u00e9rence\uff1a<\/td>\n<td colspan=\"3\" width=\"609\">Conversion de fr\u00e9quence anti interf\u00e9rence, sous 200% interf\u00e9rence, peut encore atteindre une pr\u00e9cision sup\u00e9rieure.<\/td>\n<\/tr>\n<tr>\n<td rowspan=\"3\" width=\"171\">Plage de capacit\u00e9\uff1a<\/td>\n<td colspan=\"2\" width=\"169\">HV interne\uff1a<\/td>\n<td width=\"440\">3pF\uff5e50000pF\/12kV 60pF\uff5e1\u03bcF\/0.5kV<\/td>\n<\/tr>\n<tr>\n<td colspan=\"2\" width=\"169\">HV externe\uff1a<\/td>\n<td width=\"440\">3pF\uff5e1.5\u03bcF\/12kV 60pF\uff5e30\u03bcF\/0.5kV<\/td>\n<\/tr>\n<tr>\n<td colspan=\"2\" width=\"169\">R\u00e9solution\uff1a<\/td>\n<td width=\"440\">Max. 0,001pF\uff0c4 chiffres significatifs<\/td>\n<\/tr>\n<tr>\n<td width=\"171\">Gamme Tg\u03b4\uff1a<\/td>\n<td colspan=\"3\" width=\"609\">illimit\u00e9\uff0cresolution : 0.001%\uff0ccapacit\u00e9, inductance, r\u00e9sistance peuvent \u00eatre identifi\u00e9es automatiquement.<\/td>\n<\/tr>\n<tr>\n<td width=\"171\">Gamme de courant d'essai\uff1a<\/td>\n<td colspan=\"3\" width=\"609\">10\u03bcA\uff5e5A<\/td>\n<\/tr>\n<tr>\n<td rowspan=\"8\" width=\"171\">Int\u00e9rieur HV\uff1a<\/td>\n<td width=\"140\">Plage de r\u00e9glage de la tension\uff1a<\/td>\n<td colspan=\"2\" width=\"468\">0,5\uff5e12kV<\/td>\n<\/tr>\n<tr>\n<td width=\"140\">Courant de sortie maximal\uff1a<\/td>\n<td colspan=\"2\" width=\"468\">200mA<\/td>\n<\/tr>\n<tr>\n<td width=\"140\">Augmentation\/diminution de la tension :<\/td>\n<td colspan=\"2\" width=\"468\">R\u00e9gulation continue du glissement<\/td>\n<\/tr>\n<tr>\n<td width=\"140\">Pr\u00e9cision de la tension :<\/td>\n<td colspan=\"2\" width=\"468\">2%<\/td>\n<\/tr>\n<tr>\n<td width=\"140\">R\u00e9solution de la tension :<\/td>\n<td colspan=\"2\" width=\"468\">1V<\/td>\n<\/tr>\n<tr>\n<td rowspan=\"2\" width=\"140\">Fr\u00e9quence de test\uff1a<\/td>\n<td colspan=\"2\" width=\"468\">45, 50, 55, 60, 65Hz fr\u00e9quence unique<\/td>\n<\/tr>\n<tr>\n<td colspan=\"2\" width=\"468\">45\/55Hz, 55\/65Hz, 47,5\/52,5Hz double conversion automatique de fr\u00e9quence<\/td>\n<\/tr>\n<tr>\n<td width=\"140\">Pr\u00e9cision de la fr\u00e9quence\uff1a<\/td>\n<td colspan=\"2\" width=\"468\">\u00b10,01Hz<\/td>\n<\/tr>\n<tr>\n<td rowspan=\"2\" width=\"171\">Ext\u00e9rieur HV\uff1a<\/td>\n<td colspan=\"3\" width=\"609\">UST Connexion positive Courant d'essai max. 5A\uff0cFr\u00e9quence d'alimentation ou conversion de fr\u00e9quence 40-70Hz<\/td>\n<\/tr>\n<tr>\n<td colspan=\"3\" width=\"609\">GST Connexion n\u00e9gative Courant d'essai max. : 12kV\/5A\uff0cFr\u00e9quence d'alimentation ou conversion de fr\u00e9quence 40-70Hz<\/td>\n<\/tr>\n<tr>\n<td width=\"171\">Auto-excitation CVT Sortie LV\uff1a<\/td>\n<td colspan=\"3\" width=\"609\">Tension de sortie 3\uff5e50V\uff0ccourant de sortie 3\uff5e30A<\/td>\n<\/tr>\n<tr>\n<td width=\"171\">Obligation de mesure\uff1a<\/td>\n<td colspan=\"3\" width=\"609\">environ 36 secondes, cela d\u00e9pend des m\u00e9thodes de mesure<\/td>\n<\/tr>\n<tr>\n<td width=\"171\">Alimentation en entr\u00e9e\uff1a<\/td>\n<td colspan=\"3\" width=\"609\">180V\uff5e270VAC\uff0c50Hz\/60Hz\u00b11%\uff0c alimentation locale ou par g\u00e9n\u00e9rateur.<\/td>\n<\/tr>\n<tr>\n<td colspan=\"4\" width=\"780\">RS232<\/td>\n<\/tr>\n<tr>\n<td colspan=\"4\" width=\"780\">Imprimante thermique int\u00e9gr\u00e9e<\/td>\n<\/tr>\n<tr>\n<td width=\"171\">Temp\u00e9rature ambiante :<\/td>\n<td colspan=\"3\" width=\"609\">-10\u2103\uff5e50\u2103<\/td>\n<\/tr>\n<tr>\n<td width=\"171\">Humidit\u00e9 relative :<\/td>\n<td colspan=\"3\" width=\"609\">&lt;90%<\/td>\n<\/tr>\n<tr>\n<td width=\"171\">Surdimensionnement et poids :<\/td>\n<td colspan=\"3\" width=\"609\">460\u00d7360\u00d7350mm 28kg<\/td>\n<\/tr>\n<\/tbody>\n<\/table>","protected":false},"excerpt":{"rendered":"<p>Le testeur de capacit\u00e9 de transformateur et de Tan-Delta est un appareil avanc\u00e9, enti\u00e8rement automatique, pour la mesure sur site de la perte di\u00e9lectrique\/du facteur de dissipation (tg\u03b4) et de la capacit\u00e9 (Cx) dans l'\u00e9quipement \u00e9lectrique. Il est id\u00e9al pour l'utilisation avec les transformateurs, les douilles isolantes, les CT\/PT, les condensateurs, les MOA et les dispositifs similaires.<\/p>","protected":false},"featured_media":3398,"template":"","meta":{"_seopress_robots_primary_cat":"none","_seopress_titles_title":"","_seopress_titles_desc":"","_seopress_robots_index":""},"product_cat":[30],"product_tag":[],"_links":{"self":[{"href":"https:\/\/kvhipot.com\/fr\/wp-json\/wp\/v2\/product\/3395"}],"collection":[{"href":"https:\/\/kvhipot.com\/fr\/wp-json\/wp\/v2\/product"}],"about":[{"href":"https:\/\/kvhipot.com\/fr\/wp-json\/wp\/v2\/types\/product"}],"wp:featuredmedia":[{"embeddable":true,"href":"https:\/\/kvhipot.com\/fr\/wp-json\/wp\/v2\/media\/3398"}],"wp:attachment":[{"href":"https:\/\/kvhipot.com\/fr\/wp-json\/wp\/v2\/media?parent=3395"}],"wp:term":[{"taxonomy":"product_cat","embeddable":true,"href":"https:\/\/kvhipot.com\/fr\/wp-json\/wp\/v2\/product_cat?post=3395"},{"taxonomy":"product_tag","embeddable":true,"href":"https:\/\/kvhipot.com\/fr\/wp-json\/wp\/v2\/product_tag?post=3395"}],"curies":[{"name":"wp","href":"https:\/\/api.w.org\/{rel}","templated":true}]}}