{"id":1476,"date":"2022-11-26T16:31:28","date_gmt":"2022-11-26T08:31:28","guid":{"rendered":"https:\/\/kvhipot.com\/?post_type=product&#038;p=1476"},"modified":"2022-11-26T16:32:48","modified_gmt":"2022-11-26T08:32:48","slug":"detecteur-de-fuites-sf6","status":"publish","type":"product","link":"https:\/\/kvhipot.com\/fr\/produit\/detecteur-de-fuites-sf6\/","title":{"rendered":"D\u00e9tecteur de fuites SF6"},"content":{"rendered":"<p><b>Vue d'ensemble<\/b><\/p>\n<p>Le d\u00e9tecteur de fuites quantitatif de gaz SF6 KVWG-II adopte le principe de la capture d'ions n\u00e9gatifs. Il se caract\u00e9rise par une grande sensibilit\u00e9, une bonne stabilit\u00e9, une vitesse de r\u00e9ponse rapide, une grande facilit\u00e9 d'utilisation et un large rayon d'action. Il peut d\u00e9tecter rapidement et pr\u00e9cis\u00e9ment les points de fuite des disjoncteurs SF6, le GIS et le taux de fuite annuel.<\/p>\n<p>&nbsp;<\/p>\n<p><strong><b>Param\u00e8tres techniques <\/b><\/strong><\/p>\n<ol>\n<li>Plage de d\u00e9tection : 100\uff5e2000ppm<\/li>\n<li>R\u00e9solution : 1ppm<\/li>\n<li>Temps de r\u00e9ponse : &lt;3 secondes<\/li>\n<li>Temps de r\u00e9cup\u00e9ration : &lt;3 secondes<\/li>\n<li>Erreur de citation : \u2264\u00b110%<\/li>\n<li>R\u00e9p\u00e9ter l'erreur : \u22645%<\/li>\n<li>Mode d'indication : Affichage LCD et alarme sonore multifr\u00e9quence<\/li>\n<li>Longueur de d\u00e9tection : la tige de test tenue par la main peut \u00eatre pli\u00e9e, le fil de test peut \u00eatre \u00e9tendu jusqu'\u00e0 1 m\u00e8tre.<\/li>\n<li>Dur\u00e9e de fonctionnement continu : 12 heures<\/li>\n<li>Alimentation de l'instrument : batterie rechargeable au lithium-polym\u00e8re \u00e0 quatre \u00e9l\u00e9ments, DC5V<\/li>\n<\/ol>\n<p>11.Environnement d'utilisation : Temp\u00e9rature : -25\u2103\uff5e50\u2103, Humidit\u00e9 relative : \u226495% sans condensation.<\/p>\n<ol start=\"12\">\n<li>Poids total : 0,8 kg<\/li>\n<li>\u00c9quipement : 230 mm \u00d7 130 mm \u00d7 46 mm<\/li>\n<li>Bo\u00eete en alliage d'aluminium :410mm \u00d7 250mm \u00d7 90mm<\/li>\n<\/ol>","protected":false},"excerpt":{"rendered":"<p>Le testeur de fuite SF6 permet de d\u00e9tecter rapidement et pr\u00e9cis\u00e9ment les points de fuite des disjoncteurs SF6, le SIG et le taux de fuite annuel.<\/p>","protected":false},"featured_media":1477,"template":"","meta":{"_seopress_robots_primary_cat":"","_seopress_titles_title":"","_seopress_titles_desc":"","_seopress_robots_index":""},"product_cat":[29],"product_tag":[],"_links":{"self":[{"href":"https:\/\/kvhipot.com\/fr\/wp-json\/wp\/v2\/product\/1476"}],"collection":[{"href":"https:\/\/kvhipot.com\/fr\/wp-json\/wp\/v2\/product"}],"about":[{"href":"https:\/\/kvhipot.com\/fr\/wp-json\/wp\/v2\/types\/product"}],"wp:featuredmedia":[{"embeddable":true,"href":"https:\/\/kvhipot.com\/fr\/wp-json\/wp\/v2\/media\/1477"}],"wp:attachment":[{"href":"https:\/\/kvhipot.com\/fr\/wp-json\/wp\/v2\/media?parent=1476"}],"wp:term":[{"taxonomy":"product_cat","embeddable":true,"href":"https:\/\/kvhipot.com\/fr\/wp-json\/wp\/v2\/product_cat?post=1476"},{"taxonomy":"product_tag","embeddable":true,"href":"https:\/\/kvhipot.com\/fr\/wp-json\/wp\/v2\/product_tag?post=1476"}],"curies":[{"name":"wp","href":"https:\/\/api.w.org\/{rel}","templated":true}]}}