{"id":6116,"date":"2025-07-29T17:38:49","date_gmt":"2025-07-29T09:38:49","guid":{"rendered":"https:\/\/kvhipot.com\/?post_type=product&#038;p=6116"},"modified":"2025-07-29T17:38:49","modified_gmt":"2025-07-29T09:38:49","slug":"medidor-de-humedad-karl-fischer","status":"publish","type":"product","link":"https:\/\/kvhipot.com\/es\/producto\/medidor-de-humedad-karl-fischer\/","title":{"rendered":"Medidor de humedad Karl Fischer"},"content":{"rendered":"<p><strong>Perspectivas generales<\/strong><\/p>\n<p>El medidor de humedad traza de aceite (Karl Fischer Moisture Tester) utiliza el m\u00e9todo de valoraci\u00f3n coulomb Karl Fischer, proporcionando una determinaci\u00f3n fiable de la humedad traza para muestras l\u00edquidas, gaseosas y s\u00f3lidas. Para analizar reactivos s\u00f3lidos insolubles y materiales que puedan contaminar el electrodo y el reactivo, se pueden utilizar inyectores apropiados para s\u00f3lidos, gases y l\u00edquidos para realizar mediciones indirectas. Este instrumento anal\u00edtico de gran eficacia y totalmente automatizado se utiliza ampliamente en diversos sectores, como la energ\u00eda el\u00e9ctrica, el petr\u00f3leo, los productos qu\u00edmicos, los productos farmac\u00e9uticos, los ferrocarriles, la protecci\u00f3n del medio ambiente y las instituciones de investigaci\u00f3n.<\/p>\n<p><strong><b>Ventaja \u00fanica<\/b><\/strong><\/p>\n<ul>\n<li>Pantalla de alta resoluci\u00f3n: Equipada con una pantalla LCD t\u00e1ctil en color para un manejo intuitivo y sencillo.<\/li>\n<li>Potente procesamiento: Utiliza un procesador ARM de alto rendimiento para un rendimiento r\u00e1pido y estable y una excelente capacidad antipar\u00e1sitos.<\/li>\n<li>Alta velocidad y precisi\u00f3n de detecci\u00f3n: Ofrece una detecci\u00f3n r\u00e1pida y precisa de la humedad.<\/li>\n<li>Diagn\u00f3stico de fallos: Incluye una funci\u00f3n de diagn\u00f3stico de fallos que muestra e imprime los resultados al final de cada prueba.<\/li>\n<li>Indicaci\u00f3n de curva din\u00e1mica: Incorpora una funci\u00f3n de curva din\u00e1mica para una experiencia de prueba m\u00e1s intuitiva.<\/li>\n<li>Almacenamiento de datos: Capaz de almacenar hasta 500 registros de datos.<\/li>\n<li>Funci\u00f3n de medici\u00f3n retardada: Mide eficazmente un menor contenido de humedad en las probetas.<\/li>\n<li>Velocidad de agitaci\u00f3n ajustable: La velocidad de agitaci\u00f3n puede controlarse mediante un panel t\u00e1ctil deslizante.<\/li>\n<li>Algoritmos de c\u00e1lculo flexibles: Las f\u00f3rmulas de c\u00e1lculo del contenido de agua pueden ajustarse en funci\u00f3n de los par\u00e1metros de volumen y peso, lo que permite realizar modificaciones oportunas sin alterar la precisi\u00f3n de la medici\u00f3n.<\/li>\n<\/ul>\n<p>&nbsp;<\/p>\n<p><strong><b>T\u00e9cnico <\/b><\/strong><strong><b>Datos<\/b><\/strong><\/p>\n<ul>\n<li><strong>F\u00f3rmula de la gota:<\/strong>Valoraci\u00f3n de la cantidad el\u00e9ctrica (an\u00e1lisis de Coulomb)<\/li>\n<li><strong>Alcance:<\/strong>100 mg a 0 \u00b5g (10 \u00b5g a 100 \u00b5g)<\/li>\n<li><strong>Umbral:<\/strong>1 \u00b5g<\/li>\n<li><strong>Precisi\u00f3n:<\/strong>\u00b1 100 \u00b5g + 3 \u00b5g; \u00b1 500 \u00b5g + 3% (excluido el error de humedad ambiental)<\/li>\n<li><strong>Tipos de muestras de ensayo:<\/strong>S\u00f3lido, l\u00edquido, gas<\/li>\n<li><strong>Pantalla:<\/strong>Monitor t\u00e1ctil de alta definici\u00f3n de 64.000 colores<\/li>\n<li><strong>Almacenamiento de datos:<\/strong>1.000 registros de pruebas<\/li>\n<li><strong>Caracter\u00edsticas de la pantalla:<\/strong>Curvas din\u00e1micas y texto<\/li>\n<li><strong>Velocidad de mezcla:<\/strong>Ajustable mediante panel t\u00e1ctil deslizante<\/li>\n<li><strong>Vida \u00fatil operativa:<\/strong>10 a\u00f1os de uso normal sin interrupci\u00f3n del suministro el\u00e9ctrico<\/li>\n<li><strong>Impresora:<\/strong>Impresora microt\u00e9rmica, 56 mm de ancho de papel<\/li>\n<li><strong>Fuente de alimentaci\u00f3n:<\/strong>220 V \u00b1 10 V CA, 50 Hz \u00b1 2,5 Hz<\/li>\n<li><strong>Potencia nominal:<\/strong>50 VA<\/li>\n<li><strong>Temperatura de funcionamiento:<\/strong>5\u00b0C a 35\u00b0C<\/li>\n<li><strong>Humedad ambiental:<\/strong>Menos de 85%<\/li>\n<\/ul>\n<p><strong><b>\u00a0<\/b><\/strong><\/p>\n<p><strong><b>\u00a0<\/b><\/strong><\/p>","protected":false},"excerpt":{"rendered":"<p>El medidor de humedad traza de aceite (Karl Fischer Moisture Tester) utiliza el m\u00e9todo de valoraci\u00f3n coulomb Karl Fischer, proporcionando una determinaci\u00f3n fiable de la humedad traza para muestras l\u00edquidas, gaseosas y s\u00f3lidas. Para analizar reactivos s\u00f3lidos insolubles y materiales que puedan contaminar el electrodo y el reactivo, se pueden utilizar inyectores apropiados para s\u00f3lidos, gases y l\u00edquidos para realizar mediciones indirectas. Este instrumento anal\u00edtico de gran eficacia y totalmente automatizado se utiliza ampliamente en diversos sectores, como la energ\u00eda el\u00e9ctrica, el petr\u00f3leo, los productos qu\u00edmicos, los productos farmac\u00e9uticos, los ferrocarriles, la protecci\u00f3n del medio ambiente y las instituciones de investigaci\u00f3n.<\/p>","protected":false},"featured_media":6115,"template":"","meta":{"_seopress_robots_primary_cat":"none","_seopress_titles_title":"","_seopress_titles_desc":"","_seopress_robots_index":""},"product_cat":[28],"product_tag":[],"_links":{"self":[{"href":"https:\/\/kvhipot.com\/es\/wp-json\/wp\/v2\/product\/6116"}],"collection":[{"href":"https:\/\/kvhipot.com\/es\/wp-json\/wp\/v2\/product"}],"about":[{"href":"https:\/\/kvhipot.com\/es\/wp-json\/wp\/v2\/types\/product"}],"wp:featuredmedia":[{"embeddable":true,"href":"https:\/\/kvhipot.com\/es\/wp-json\/wp\/v2\/media\/6115"}],"wp:attachment":[{"href":"https:\/\/kvhipot.com\/es\/wp-json\/wp\/v2\/media?parent=6116"}],"wp:term":[{"taxonomy":"product_cat","embeddable":true,"href":"https:\/\/kvhipot.com\/es\/wp-json\/wp\/v2\/product_cat?post=6116"},{"taxonomy":"product_tag","embeddable":true,"href":"https:\/\/kvhipot.com\/es\/wp-json\/wp\/v2\/product_tag?post=6116"}],"curies":[{"name":"wp","href":"https:\/\/api.w.org\/{rel}","templated":true}]}}